{"id":641,"date":"2020-04-17T14:27:23","date_gmt":"2020-04-17T17:27:23","guid":{"rendered":"https:\/\/linkverdade.com.br\/?page_id=641"},"modified":"2020-04-20T23:28:16","modified_gmt":"2020-04-21T02:28:16","slug":"mensagens-urgentes","status":"publish","type":"page","link":"https:\/\/linkverdade.com.br\/?page_id=641","title":{"rendered":"Mensagens Urgentes"},"content":{"rendered":"\t\t<div data-elementor-type=\"wp-page\" data-elementor-id=\"641\" class=\"elementor elementor-641\">\n\t\t\t\t\t\t<div class=\"elementor-inner\">\n\t\t\t\t<div class=\"elementor-section-wrap\">\n\t\t\t\t\t\t\t\t\t<section class=\"elementor-section elementor-top-section elementor-element elementor-element-204ca4d3 elementor-section-full_width elementor-section-height-default elementor-section-height-default\" data-id=\"204ca4d3\" data-element_type=\"section\">\n\t\t\t\t\t\t<div class=\"elementor-container elementor-column-gap-no\">\n\t\t\t\t\t\t\t<div class=\"elementor-row\">\n\t\t\t\t\t<div class=\"elementor-column elementor-col-100 elementor-top-column elementor-element elementor-element-419c8fdb\" data-id=\"419c8fdb\" data-element_type=\"column\">\n\t\t\t<div class=\"elementor-column-wrap\">\n\t\t\t\t\t\t\t<div class=\"elementor-widget-wrap\">\n\t\t\t\t\t\t\t\t<\/div>\n\t\t\t\t\t<\/div>\n\t\t<\/div>\n\t\t\t\t\t\t\t\t<\/div>\n\t\t\t\t\t<\/div>\n\t\t<\/section>\n\t\t\t\t<section class=\"elementor-section elementor-top-section elementor-element elementor-element-56ff4437 elementor-section-boxed elementor-section-height-default elementor-section-height-default\" data-id=\"56ff4437\" data-element_type=\"section\" data-settings=\"{&quot;background_background&quot;:&quot;classic&quot;}\">\n\t\t\t\t\t\t<div class=\"elementor-container elementor-column-gap-default\">\n\t\t\t\t\t\t\t<div class=\"elementor-row\">\n\t\t\t\t\t<div class=\"elementor-column elementor-col-100 elementor-top-column elementor-element elementor-element-39730ba9\" data-id=\"39730ba9\" data-element_type=\"column\" data-settings=\"{&quot;background_background&quot;:&quot;classic&quot;}\">\n\t\t\t<div class=\"elementor-column-wrap\">\n\t\t\t\t\t\t\t<div class=\"elementor-widget-wrap\">\n\t\t\t\t\t\t\t\t<\/div>\n\t\t\t\t\t<\/div>\n\t\t<\/div>\n\t\t\t\t\t\t\t\t<\/div>\n\t\t\t\t\t<\/div>\n\t\t<\/section>\n\t\t\t\t<section class=\"elementor-section elementor-top-section elementor-element elementor-element-ce318f7 elementor-section-boxed elementor-section-height-default elementor-section-height-default\" data-id=\"ce318f7\" data-element_type=\"section\">\n\t\t\t\t\t\t<div class=\"elementor-container elementor-column-gap-default\">\n\t\t\t\t\t\t\t<div class=\"elementor-row\">\n\t\t\t\t\t<div class=\"elementor-column elementor-col-100 elementor-top-column elementor-element elementor-element-3a05eb9c\" data-id=\"3a05eb9c\" data-element_type=\"column\">\n\t\t\t<div class=\"elementor-column-wrap elementor-element-populated\">\n\t\t\t\t\t\t\t<div class=\"elementor-widget-wrap\">\n\t\t\t\t\t\t<section class=\"elementor-section elementor-inner-section elementor-element elementor-element-1c83299 elementor-section-boxed elementor-section-height-default elementor-section-height-default\" data-id=\"1c83299\" data-element_type=\"section\" data-settings=\"{&quot;background_background&quot;:&quot;classic&quot;}\">\n\t\t\t\t\t\t<div class=\"elementor-container elementor-column-gap-default\">\n\t\t\t\t\t\t\t<div class=\"elementor-row\">\n\t\t\t\t\t<div class=\"elementor-column elementor-col-50 elementor-inner-column elementor-element elementor-element-c3bd36b\" data-id=\"c3bd36b\" data-element_type=\"column\">\n\t\t\t<div class=\"elementor-column-wrap elementor-element-populated\">\n\t\t\t\t\t\t\t<div class=\"elementor-widget-wrap\">\n\t\t\t\t\t\t<div class=\"elementor-element elementor-element-103bd9b elementor-widget elementor-widget-image\" data-id=\"103bd9b\" data-element_type=\"widget\" data-widget_type=\"image.default\">\n\t\t\t\t<div class=\"elementor-widget-container\">\n\t\t\t\t\t\t\t\t<div class=\"elementor-image\">\n\t\t\t\t\t\t\t\t\t\t\t\t<img loading=\"lazy\" decoding=\"async\" width=\"800\" height=\"533\" src=\"https:\/\/linkverdade.com.br\/wp-content\/uploads\/2020\/04\/DM_03242016_1759-1024x682.jpg\" class=\"attachment-large size-large\" alt=\"\" srcset=\"https:\/\/linkverdade.com.br\/wp-content\/uploads\/2020\/04\/DM_03242016_1759-1024x682.jpg 1024w, https:\/\/linkverdade.com.br\/wp-content\/uploads\/2020\/04\/DM_03242016_1759-300x200.jpg 300w, https:\/\/linkverdade.com.br\/wp-content\/uploads\/2020\/04\/DM_03242016_1759-768x512.jpg 768w, https:\/\/linkverdade.com.br\/wp-content\/uploads\/2020\/04\/DM_03242016_1759-1536x1024.jpg 1536w, https:\/\/linkverdade.com.br\/wp-content\/uploads\/2020\/04\/DM_03242016_1759-2048x1365.jpg 2048w\" sizes=\"auto, (max-width: 800px) 100vw, 800px\" \/>\t\t\t\t\t\t\t\t\t\t\t\t\t\t<\/div>\n\t\t\t\t\t\t<\/div>\n\t\t\t\t<\/div>\n\t\t\t\t\t\t<\/div>\n\t\t\t\t\t<\/div>\n\t\t<\/div>\n\t\t\t\t<div class=\"elementor-column elementor-col-50 elementor-inner-column elementor-element elementor-element-cde2746\" data-id=\"cde2746\" data-element_type=\"column\">\n\t\t\t<div class=\"elementor-column-wrap elementor-element-populated\">\n\t\t\t\t\t\t\t<div class=\"elementor-widget-wrap\">\n\t\t\t\t\t\t<div class=\"elementor-element elementor-element-32bb3f1 elementor-widget elementor-widget-image\" data-id=\"32bb3f1\" data-element_type=\"widget\" data-widget_type=\"image.default\">\n\t\t\t\t<div class=\"elementor-widget-container\">\n\t\t\t\t\t\t\t\t<div class=\"elementor-image\">\n\t\t\t\t\t\t\t\t\t\t\t\t<img loading=\"lazy\" decoding=\"async\" width=\"800\" height=\"532\" src=\"https:\/\/linkverdade.com.br\/wp-content\/uploads\/2020\/04\/christmas-cards-filling-mail-box_SYXZlTp4s-1024x681.jpg\" class=\"attachment-large size-large\" alt=\"\" srcset=\"https:\/\/linkverdade.com.br\/wp-content\/uploads\/2020\/04\/christmas-cards-filling-mail-box_SYXZlTp4s-1024x681.jpg 1024w, https:\/\/linkverdade.com.br\/wp-content\/uploads\/2020\/04\/christmas-cards-filling-mail-box_SYXZlTp4s-300x200.jpg 300w, https:\/\/linkverdade.com.br\/wp-content\/uploads\/2020\/04\/christmas-cards-filling-mail-box_SYXZlTp4s-768x511.jpg 768w, https:\/\/linkverdade.com.br\/wp-content\/uploads\/2020\/04\/christmas-cards-filling-mail-box_SYXZlTp4s-1536x1022.jpg 1536w, https:\/\/linkverdade.com.br\/wp-content\/uploads\/2020\/04\/christmas-cards-filling-mail-box_SYXZlTp4s-2048x1363.jpg 2048w\" sizes=\"auto, (max-width: 800px) 100vw, 800px\" \/>\t\t\t\t\t\t\t\t\t\t\t\t\t\t<\/div>\n\t\t\t\t\t\t<\/div>\n\t\t\t\t<\/div>\n\t\t\t\t<div class=\"elementor-element elementor-element-43cb037 elementor-widget elementor-widget-heading\" data-id=\"43cb037\" data-element_type=\"widget\" data-widget_type=\"heading.default\">\n\t\t\t\t<div class=\"elementor-widget-container\">\n\t\t\t<h2 class=\"elementor-heading-title elementor-size-default\">Mensagens Urgentes<\/h2>\t\t<\/div>\n\t\t\t\t<\/div>\n\t\t\t\t\t\t<\/div>\n\t\t\t\t\t<\/div>\n\t\t<\/div>\n\t\t\t\t\t\t\t\t<\/div>\n\t\t\t\t\t<\/div>\n\t\t<\/section>\n\t\t\t\t<div class=\"elementor-element elementor-element-165cd071 elementor-widget elementor-widget-heading\" data-id=\"165cd071\" data-element_type=\"widget\" data-widget_type=\"heading.default\">\n\t\t\t\t<div class=\"elementor-widget-container\">\n\t\t\t<h2 class=\"elementor-heading-title elementor-size-default\">Mensagens<\/h2>\t\t<\/div>\n\t\t\t\t<\/div>\n\t\t\t\t<div class=\"elementor-element elementor-element-5d95fb0f elementor-widget elementor-widget-text-editor\" data-id=\"5d95fb0f\" data-element_type=\"widget\" data-widget_type=\"text-editor.default\">\n\t\t\t\t<div class=\"elementor-widget-container\">\n\t\t\t\t\t\t\t\t<div class=\"elementor-text-editor elementor-clearfix\">\n\t\t\t\t<p>Veja as mensagens abaixo, para sua edifica\u00e7\u00e3o<\/p>\t\t\t\t\t<\/div>\n\t\t\t\t\t\t<\/div>\n\t\t\t\t<\/div>\n\t\t\t\t<section class=\"elementor-section elementor-inner-section elementor-element elementor-element-5096db5f elementor-section-boxed elementor-section-height-default elementor-section-height-default\" data-id=\"5096db5f\" data-element_type=\"section\">\n\t\t\t\t\t\t<div class=\"elementor-container elementor-column-gap-default\">\n\t\t\t\t\t\t\t<div class=\"elementor-row\">\n\t\t\t\t\t<div class=\"elementor-column elementor-col-50 elementor-inner-column elementor-element elementor-element-4da8b418\" data-id=\"4da8b418\" data-element_type=\"column\" data-settings=\"{&quot;background_background&quot;:&quot;classic&quot;}\">\n\t\t\t<div class=\"elementor-column-wrap elementor-element-populated\">\n\t\t\t\t\t\t\t<div class=\"elementor-widget-wrap\">\n\t\t\t\t\t\t<div class=\"elementor-element elementor-element-3cc8e362 elementor-widget elementor-widget-image\" data-id=\"3cc8e362\" data-element_type=\"widget\" data-widget_type=\"image.default\">\n\t\t\t\t<div class=\"elementor-widget-container\">\n\t\t\t\t\t\t\t\t<div class=\"elementor-image\">\n\t\t\t\t\t\t\t\t\t\t\t\t\t<a href=\"https:\/\/linkverdade.com.br\/?page_id=659\">\n\t\t\t\t\t\t\t<img loading=\"lazy\" decoding=\"async\" width=\"433\" height=\"650\" src=\"https:\/\/linkverdade.com.br\/wp-content\/uploads\/2020\/04\/restes_abbaye_chaalis_800.jpg\" class=\"attachment-large size-large\" alt=\"\" srcset=\"https:\/\/linkverdade.com.br\/wp-content\/uploads\/2020\/04\/restes_abbaye_chaalis_800.jpg 433w, https:\/\/linkverdade.com.br\/wp-content\/uploads\/2020\/04\/restes_abbaye_chaalis_800-200x300.jpg 200w\" sizes=\"auto, (max-width: 433px) 100vw, 433px\" \/>\t\t\t\t\t\t\t\t<\/a>\n\t\t\t\t\t\t\t\t\t\t\t\t\t\t<\/div>\n\t\t\t\t\t\t<\/div>\n\t\t\t\t<\/div>\n\t\t\t\t<div class=\"elementor-element elementor-element-6247f340 elementor-widget elementor-widget-heading\" data-id=\"6247f340\" data-element_type=\"widget\" data-widget_type=\"heading.default\">\n\t\t\t\t<div class=\"elementor-widget-container\">\n\t\t\t<h6 class=\"elementor-heading-title elementor-size-default\">Pequeno Tratado Sobre Laodiceia<\/h6>\t\t<\/div>\n\t\t\t\t<\/div>\n\t\t\t\t<div class=\"elementor-element elementor-element-875cd64 elementor-widget elementor-widget-text-editor\" data-id=\"875cd64\" data-element_type=\"widget\" data-widget_type=\"text-editor.default\">\n\t\t\t\t<div class=\"elementor-widget-container\">\n\t\t\t\t\t\t\t\t<div class=\"elementor-text-editor elementor-clearfix\">\n\t\t\t\t<p>Procura trazer \u00e0 tona um assunto escatol\u00f3gico de tal import\u00e2ncia para a igreja atual que torna o seu conhecimento urgente! Seu objetivo \u00e9 nos acordar para uma realidade proferida pelo pr\u00f3prio Senhor Jesus e que n\u00e3o pode ser negligenciada. Assim Jesus Cristo requer de n\u00f3s, sua Igreja, a\u00e7\u00f5es concretas e urgentes.<\/p>\t\t\t\t\t<\/div>\n\t\t\t\t\t\t<\/div>\n\t\t\t\t<\/div>\n\t\t\t\t\t\t<\/div>\n\t\t\t\t\t<\/div>\n\t\t<\/div>\n\t\t\t\t<div class=\"elementor-column elementor-col-50 elementor-inner-column elementor-element elementor-element-5f28cc2\" data-id=\"5f28cc2\" data-element_type=\"column\" data-settings=\"{&quot;background_background&quot;:&quot;classic&quot;}\">\n\t\t\t<div class=\"elementor-column-wrap elementor-element-populated\">\n\t\t\t\t\t\t\t<div class=\"elementor-widget-wrap\">\n\t\t\t\t\t\t<div class=\"elementor-element elementor-element-e7e5869 elementor-widget elementor-widget-image\" data-id=\"e7e5869\" data-element_type=\"widget\" data-widget_type=\"image.default\">\n\t\t\t\t<div class=\"elementor-widget-container\">\n\t\t\t\t\t\t\t\t<div class=\"elementor-image\">\n\t\t\t\t\t\t\t\t\t\t\t\t\t<a href=\"https:\/\/linkverdade.com.br\/?page_id=665\">\n\t\t\t\t\t\t\t<img loading=\"lazy\" decoding=\"async\" width=\"800\" height=\"666\" src=\"https:\/\/linkverdade.com.br\/wp-content\/uploads\/2020\/04\/stop-sign-showing-danger-warning_fJnnO4Dd-1024x853.jpg\" class=\"attachment-large size-large\" alt=\"\" srcset=\"https:\/\/linkverdade.com.br\/wp-content\/uploads\/2020\/04\/stop-sign-showing-danger-warning_fJnnO4Dd-1024x853.jpg 1024w, https:\/\/linkverdade.com.br\/wp-content\/uploads\/2020\/04\/stop-sign-showing-danger-warning_fJnnO4Dd-300x250.jpg 300w, https:\/\/linkverdade.com.br\/wp-content\/uploads\/2020\/04\/stop-sign-showing-danger-warning_fJnnO4Dd-768x640.jpg 768w, https:\/\/linkverdade.com.br\/wp-content\/uploads\/2020\/04\/stop-sign-showing-danger-warning_fJnnO4Dd-1536x1280.jpg 1536w, https:\/\/linkverdade.com.br\/wp-content\/uploads\/2020\/04\/stop-sign-showing-danger-warning_fJnnO4Dd-2048x1707.jpg 2048w\" sizes=\"auto, (max-width: 800px) 100vw, 800px\" \/>\t\t\t\t\t\t\t\t<\/a>\n\t\t\t\t\t\t\t\t\t\t\t\t\t\t<\/div>\n\t\t\t\t\t\t<\/div>\n\t\t\t\t<\/div>\n\t\t\t\t<div class=\"elementor-element elementor-element-d755bed elementor-widget elementor-widget-heading\" data-id=\"d755bed\" data-element_type=\"widget\" data-widget_type=\"heading.default\">\n\t\t\t\t<div class=\"elementor-widget-container\">\n\t\t\t<h6 class=\"elementor-heading-title elementor-size-default\">Sinais de Alerta<\/h6>\t\t<\/div>\n\t\t\t\t<\/div>\n\t\t\t\t<div class=\"elementor-element elementor-element-d716ad7 elementor-widget elementor-widget-text-editor\" data-id=\"d716ad7\" data-element_type=\"widget\" data-widget_type=\"text-editor.default\">\n\t\t\t\t<div class=\"elementor-widget-container\">\n\t\t\t\t\t\t\t\t<div class=\"elementor-text-editor elementor-clearfix\">\n\t\t\t\t<p>Procura trazer \u00e0 tona as advert\u00eancias que o Senhor Jesus Cristo deixou para os nossos tempos, visualizando com seu olhar presciente o cen\u00e1rio atual.<\/p><p>Os Sinais s\u00e3o de extrema relev\u00e2ncia e requer dos crist\u00e3os a\u00e7\u00f5es concretas e imediatas para garantir a eles o acesso a todas as promessas de Sua vinda.<\/p>\t\t\t\t\t<\/div>\n\t\t\t\t\t\t<\/div>\n\t\t\t\t<\/div>\n\t\t\t\t\t\t<\/div>\n\t\t\t\t\t<\/div>\n\t\t<\/div>\n\t\t\t\t\t\t\t\t<\/div>\n\t\t\t\t\t<\/div>\n\t\t<\/section>\n\t\t\t\t<div class=\"elementor-element elementor-element-44eecfdb elementor-widget elementor-widget-spacer\" data-id=\"44eecfdb\" data-element_type=\"widget\" data-widget_type=\"spacer.default\">\n\t\t\t\t<div class=\"elementor-widget-container\">\n\t\t\t\t\t<div class=\"elementor-spacer\">\n\t\t\t<div class=\"elementor-spacer-inner\"><\/div>\n\t\t<\/div>\n\t\t\t\t<\/div>\n\t\t\t\t<\/div>\n\t\t\t\t\t\t<\/div>\n\t\t\t\t\t<\/div>\n\t\t<\/div>\n\t\t\t\t\t\t\t\t<\/div>\n\t\t\t\t\t<\/div>\n\t\t<\/section>\n\t\t\t\t<section class=\"elementor-section elementor-top-section elementor-element elementor-element-6134ac03 elementor-section-full_width elementor-section-height-default elementor-section-height-default\" data-id=\"6134ac03\" data-element_type=\"section\">\n\t\t\t\t\t\t<div class=\"elementor-container elementor-column-gap-no\">\n\t\t\t\t\t\t\t<div class=\"elementor-row\">\n\t\t\t\t\t<div class=\"elementor-column elementor-col-100 elementor-top-column elementor-element elementor-element-5e0db929\" data-id=\"5e0db929\" data-element_type=\"column\">\n\t\t\t<div class=\"elementor-column-wrap elementor-element-populated\">\n\t\t\t\t\t\t\t<div class=\"elementor-widget-wrap\">\n\t\t\t\t\t\t<div class=\"elementor-element elementor-element-446cdc3 elementor-widget elementor-widget-button\" data-id=\"446cdc3\" data-element_type=\"widget\" data-widget_type=\"button.default\">\n\t\t\t\t<div class=\"elementor-widget-container\">\n\t\t\t\t\t<div class=\"elementor-button-wrapper\">\n\t\t\t<a href=\"https:\/\/linkverdade.com.br\" class=\"elementor-button-link elementor-button elementor-size-sm\" role=\"button\">\n\t\t\t\t\t\t<span class=\"elementor-button-content-wrapper\">\n\t\t\t\t\t\t<span class=\"elementor-button-text\">Voltar ao In\u00edcio<\/span>\n\t\t<\/span>\n\t\t\t\t\t<\/a>\n\t\t<\/div>\n\t\t\t\t<\/div>\n\t\t\t\t<\/div>\n\t\t\t\t\t\t<\/div>\n\t\t\t\t\t<\/div>\n\t\t<\/div>\n\t\t\t\t\t\t\t\t<\/div>\n\t\t\t\t\t<\/div>\n\t\t<\/section>\n\t\t\t\t\t\t\t\t\t<\/div>\n\t\t\t<\/div>\n\t\t\t\t\t<\/div>\n\t\t","protected":false},"excerpt":{"rendered":"<p>Mensagens Urgentes Mensagens Veja as mensagens abaixo, para sua edifica\u00e7\u00e3o Pequeno Tratado Sobre Laodiceia Procura trazer \u00e0 tona um assunto escatol\u00f3gico de tal import\u00e2ncia para a igreja atual que torna o seu conhecimento urgente! Seu objetivo \u00e9 nos acordar para uma realidade proferida pelo pr\u00f3prio Senhor Jesus e que n\u00e3o pode ser negligenciada. Assim Jesus [&hellip;]<\/p>\n","protected":false},"author":2,"featured_media":0,"parent":0,"menu_order":5,"comment_status":"closed","ping_status":"closed","template":"elementor_canvas","meta":{"footnotes":""},"class_list":["post-641","page","type-page","status-publish","hentry"],"_links":{"self":[{"href":"https:\/\/linkverdade.com.br\/index.php?rest_route=\/wp\/v2\/pages\/641","targetHints":{"allow":["GET"]}}],"collection":[{"href":"https:\/\/linkverdade.com.br\/index.php?rest_route=\/wp\/v2\/pages"}],"about":[{"href":"https:\/\/linkverdade.com.br\/index.php?rest_route=\/wp\/v2\/types\/page"}],"author":[{"embeddable":true,"href":"https:\/\/linkverdade.com.br\/index.php?rest_route=\/wp\/v2\/users\/2"}],"replies":[{"embeddable":true,"href":"https:\/\/linkverdade.com.br\/index.php?rest_route=%2Fwp%2Fv2%2Fcomments&post=641"}],"version-history":[{"count":8,"href":"https:\/\/linkverdade.com.br\/index.php?rest_route=\/wp\/v2\/pages\/641\/revisions"}],"predecessor-version":[{"id":804,"href":"https:\/\/linkverdade.com.br\/index.php?rest_route=\/wp\/v2\/pages\/641\/revisions\/804"}],"wp:attachment":[{"href":"https:\/\/linkverdade.com.br\/index.php?rest_route=%2Fwp%2Fv2%2Fmedia&parent=641"}],"curies":[{"name":"wp","href":"https:\/\/api.w.org\/{rel}","templated":true}]}}